{"id":2,"date":"2025-06-06T08:39:18","date_gmt":"2025-06-06T08:39:18","guid":{"rendered":"https:\/\/dum-club.si\/?page_id=2"},"modified":"2023-08-19T15:45:26","modified_gmt":"2023-08-19T15:45:26","slug":"sample-page","status":"publish","type":"page","link":"https:\/\/dum-club.si\/?page_id=2","title":{"rendered":"about DUM"},"content":{"rendered":"<p>DUM-dru\u0161tvo umetnikov sta leta 1999 ustanovila umetnika<span style=\"color: #000080;\"> <strong><a style=\"color: #000080;\" href=\"https:\/\/dum-club.si\/?cat=10\">Mateja Bu\u010dar<\/a> <\/strong><\/span>in <span style=\"color: #000080;\"><strong><a style=\"color: #000080;\" href=\"http:\/\/www.vadimfishkin.si\">Vadim Fi\u0161kin<\/a>.<\/strong><\/span> V letu 2003 je bila pod okriljem DUM-a ustanovljena tudi Galerija <a href=\"https:\/\/gregorpodnar.com\/\" target=\"_blank\" rel=\"noopener\">Gregor Podnar<\/a>, ki je do leta 2014 delovala tako tudi v Ljubljani, od takrat dalje pa v Berlinu in Dunaju. Dum odtlej deluje kot projektni prostor, v svojih prostorih v osrednji Ljubljani, na Kolodvorski 6 kot mednarodni producent sodobne umetnosti. Projektni prostor DUM-a se zavzema za predstavitev, podporo, in razmi\u0161ljanje o razli\u010dnih podro\u010djih sodobne umetnosti, od uprizoritvenih in vizualnih umetni\u0161kih praks, sodobnega plesa do likovne teorije in kritike. Projektni prostor DUM je namenjen praksam, ki so globoko zakoreninjene v tradiciji konceptualizma, pa tudi umetni\u0161kim raziskavam, ki \u017eelijo prese\u010di meje \u017eanrov in polj. Program za likovno umetnost sta podprla ugledna\u00a0 kustosa Tev\u017e Logar (od 2014) in Vladimir Vidmar (od 2019). Pretekle razstave DUM-a so predstavile na desetine umetnikov, med njimi so: Mladen Stropnik, I\u0161tvan I\u0161t Huzjan, Goran Trbuljak, Inaki Bonilas, Ulay, Andrea Knezovi\u0107, An\u017ee Sever, Ed Ruscha, Claudia Joskowicz, Honza Zamojski, Nika Span, Vadim Fishkin, Edith Dekyndt in mnogi drugi.<br \/>\nProgram DUM-a v uprizoritvenem polju je fokusiran v najve\u010dji meri v sodobni ples, z deli koreografinje Mateje Bu\u010dar, Andreje Rauch Podrzavnik ter tudi Jurija Konjarja in Kaje Lorenci ter drugih avtorjev_ic mlaj\u0161e generacije. <\/p>\n<p>DUM Association\/ DUM dru\u0161tvo umetnikov<\/p>\n<p>Kolodvorska 6, 1000 Ljubljana, Slovenija<\/p>\n<p>www.<br \/>\ndum-club.si<\/p>\n<p>email.<br \/>\ndum@dum-club.si<br \/>\ninfo@dum-club.si<\/p>\n<p>tel.<br \/>\n+386 40 552299<\/p>\n","protected":false},"excerpt":{"rendered":"<p>DUM-dru\u0161tvo umetnikov sta leta 1999 ustanovila umetnika Mateja Bu\u010dar in Vadim Fi\u0161kin. V letu 2003 je bila pod okriljem DUM-a ustanovljena tudi Galerija Gregor Podnar, ki je do leta 2014 delovala tako tudi v Ljubljani, od takrat dalje pa v Berlinu in Dunaju. Dum odtlej deluje kot projektni prostor, v svojih prostorih v osrednji Ljubljani, [&hellip;]<\/p>\n","protected":false},"author":1,"featured_media":0,"parent":0,"menu_order":0,"comment_status":"closed","ping_status":"closed","template":"","meta":{"footnotes":""},"class_list":["post-2","page","type-page","status-publish","hentry"],"_links":{"self":[{"href":"https:\/\/dum-club.si\/index.php?rest_route=\/wp\/v2\/pages\/2","targetHints":{"allow":["GET"]}}],"collection":[{"href":"https:\/\/dum-club.si\/index.php?rest_route=\/wp\/v2\/pages"}],"about":[{"href":"https:\/\/dum-club.si\/index.php?rest_route=\/wp\/v2\/types\/page"}],"author":[{"embeddable":true,"href":"https:\/\/dum-club.si\/index.php?rest_route=\/wp\/v2\/users\/1"}],"replies":[{"embeddable":true,"href":"https:\/\/dum-club.si\/index.php?rest_route=%2Fwp%2Fv2%2Fcomments&post=2"}],"version-history":[{"count":23,"href":"https:\/\/dum-club.si\/index.php?rest_route=\/wp\/v2\/pages\/2\/revisions"}],"predecessor-version":[{"id":1407,"href":"https:\/\/dum-club.si\/index.php?rest_route=\/wp\/v2\/pages\/2\/revisions\/1407"}],"wp:attachment":[{"href":"https:\/\/dum-club.si\/index.php?rest_route=%2Fwp%2Fv2%2Fmedia&parent=2"}],"curies":[{"name":"wp","href":"https:\/\/api.w.org\/{rel}","templated":true}]}}